{"id":1753,"date":"2023-03-20T14:23:46","date_gmt":"2023-03-20T14:23:46","guid":{"rendered":"https:\/\/libravera.com\/?page_id=1753"},"modified":"2023-03-20T14:41:13","modified_gmt":"2023-03-20T14:41:13","slug":"ensenanza","status":"publish","type":"page","link":"https:\/\/libravera.com\/en\/ensenanza\/","title":{"rendered":"Ense\u00f1anza"},"content":{"rendered":"<div data-elementor-type=\"wp-page\" data-elementor-id=\"1753\" class=\"elementor elementor-1753\">\n\t\t\t\t\t\t\t\t\t<section class=\"elementor-section elementor-top-section elementor-element elementor-element-7025eb15 elementor-section-height-min-height elementor-section-boxed elementor-section-height-default elementor-section-items-middle\" data-id=\"7025eb15\" data-element_type=\"section\" data-settings=\"{&quot;background_background&quot;:&quot;classic&quot;}\">\n\t\t\t\t\t\t\t<div class=\"elementor-background-overlay\"><\/div>\n\t\t\t\t\t\t\t<div class=\"elementor-container elementor-column-gap-default\">\n\t\t\t\t\t<div class=\"elementor-column elementor-col-100 elementor-top-column elementor-element elementor-element-241270cf\" data-id=\"241270cf\" data-element_type=\"column\">\n\t\t\t<div class=\"elementor-widget-wrap elementor-element-populated\">\n\t\t\t\t\t\t\t\t<div class=\"elementor-element elementor-element-24a3dd94 elementor-widget elementor-widget-text-editor\" data-id=\"24a3dd94\" data-element_type=\"widget\" data-widget_type=\"text-editor.default\">\n\t\t\t\t<div class=\"elementor-widget-container\">\n\t\t\t<style>\/*! elementor - v3.11.5 - 14-03-2023 *\/\n.elementor-widget-text-editor.elementor-drop-cap-view-stacked .elementor-drop-cap{background-color:#818a91;color:#fff}.elementor-widget-text-editor.elementor-drop-cap-view-framed .elementor-drop-cap{color:#818a91;border:3px solid;background-color:transparent}.elementor-widget-text-editor:not(.elementor-drop-cap-view-default) .elementor-drop-cap{margin-top:8px}.elementor-widget-text-editor:not(.elementor-drop-cap-view-default) .elementor-drop-cap-letter{width:1em;height:1em}.elementor-widget-text-editor .elementor-drop-cap{float:left;text-align:center;line-height:1;font-size:50px}.elementor-widget-text-editor .elementor-drop-cap-letter{display:inline-block}<\/style>\t\t\t\t<p>Ense\u00f1anza<\/p>\t\t\t\t\t\t<\/div>\n\t\t\t\t<\/div>\n\t\t\t\t\t<\/div>\n\t\t<\/div>\n\t\t\t\t\t\t\t<\/div>\n\t\t<\/section>\n\t\t\t\t<section class=\"elementor-section elementor-top-section elementor-element elementor-element-46d4cb23 elementor-section-boxed elementor-section-height-default elementor-section-height-default\" data-id=\"46d4cb23\" data-element_type=\"section\" data-settings=\"{&quot;background_background&quot;:&quot;classic&quot;}\">\n\t\t\t\t\t\t<div class=\"elementor-container elementor-column-gap-default\">\n\t\t\t\t\t<div class=\"elementor-column elementor-col-50 elementor-top-column elementor-element elementor-element-1ab4ee08\" data-id=\"1ab4ee08\" data-element_type=\"column\" data-settings=\"{&quot;background_background&quot;:&quot;classic&quot;}\">\n\t\t\t<div class=\"elementor-widget-wrap elementor-element-populated\">\n\t\t\t\t\t<div class=\"elementor-background-overlay\"><\/div>\n\t\t\t\t\t\t\t\t<div class=\"elementor-element elementor-element-d8f1ac5 elementor-widget elementor-widget-heading\" data-id=\"d8f1ac5\" data-element_type=\"widget\" data-widget_type=\"heading.default\">\n\t\t\t\t<div class=\"elementor-widget-container\">\n\t\t\t<style>\/*! elementor - v3.11.5 - 14-03-2023 *\/\n.elementor-heading-title{padding:0;margin:0;line-height:1}.elementor-widget-heading .elementor-heading-title[class*=elementor-size-]>a{color:inherit;font-size:inherit;line-height:inherit}.elementor-widget-heading .elementor-heading-title.elementor-size-small{font-size:15px}.elementor-widget-heading .elementor-heading-title.elementor-size-medium{font-size:19px}.elementor-widget-heading .elementor-heading-title.elementor-size-large{font-size:29px}.elementor-widget-heading .elementor-heading-title.elementor-size-xl{font-size:39px}.elementor-widget-heading .elementor-heading-title.elementor-size-xxl{font-size:59px}<\/style><h2 class=\"elementor-heading-title elementor-size-default\">La soluci\u00f3n definitiva para centros educativos<\/h2>\t\t<\/div>\n\t\t\t\t<\/div>\n\t\t\t\t<div class=\"elementor-element elementor-element-79a46199 elementor-widget elementor-widget-heading\" data-id=\"79a46199\" data-element_type=\"widget\" data-widget_type=\"heading.default\">\n\t\t\t\t<div class=\"elementor-widget-container\">\n\t\t\t<h2 class=\"elementor-heading-title elementor-size-default\">NGXe<\/h2>\t\t<\/div>\n\t\t\t\t<\/div>\n\t\t\t\t<div class=\"elementor-element elementor-element-3fe7c532 elementor-widget elementor-widget-text-editor\" data-id=\"3fe7c532\" data-element_type=\"widget\" data-widget_type=\"text-editor.default\">\n\t\t\t\t<div class=\"elementor-widget-container\">\n\t\t\t\t\t\t\t<p>El nuevo NGXe ofrece filtros de contenido, cortafuegos, antivirus, separaci\u00f3n de redes por tecnolog\u00eda de VLANs y todo esto con velocidad de hasta<\/p>\t\t\t\t\t\t<\/div>\n\t\t\t\t<\/div>\n\t\t\t\t\t<\/div>\n\t\t<\/div>\n\t\t\t\t<div class=\"elementor-column elementor-col-50 elementor-top-column elementor-element elementor-element-7ac5d014\" data-id=\"7ac5d014\" data-element_type=\"column\" data-settings=\"{&quot;background_background&quot;:&quot;classic&quot;}\">\n\t\t\t<div class=\"elementor-widget-wrap elementor-element-populated\">\n\t\t\t\t\t\t\t\t<div class=\"elementor-element elementor-element-24ad5a77 elementor-widget elementor-widget-image\" data-id=\"24ad5a77\" data-element_type=\"widget\" data-widget_type=\"image.default\">\n\t\t\t\t<div class=\"elementor-widget-container\">\n\t\t\t<style>\/*! elementor - v3.11.5 - 14-03-2023 *\/\n.elementor-widget-image{text-align:center}.elementor-widget-image a{display:inline-block}.elementor-widget-image a img[src$=\".svg\"]{width:48px}.elementor-widget-image img{vertical-align:middle;display:inline-block}<\/style>\t\t\t\t\t\t\t\t\t\t\t\t<img loading=\"lazy\" decoding=\"async\" width=\"800\" height=\"427\" src=\"https:\/\/libravera.com\/wp-content\/uploads\/2023\/03\/ngxe_diag-1024x547.png\" class=\"attachment-large size-large wp-image-1400\" alt=\"\" srcset=\"https:\/\/libravera.com\/wp-content\/uploads\/2023\/03\/ngxe_diag-1024x547.png 1024w, https:\/\/libravera.com\/wp-content\/uploads\/2023\/03\/ngxe_diag-300x160.png 300w, https:\/\/libravera.com\/wp-content\/uploads\/2023\/03\/ngxe_diag-768x410.png 768w, https:\/\/libravera.com\/wp-content\/uploads\/2023\/03\/ngxe_diag-1536x820.png 1536w, https:\/\/libravera.com\/wp-content\/uploads\/2023\/03\/ngxe_diag-18x10.png 18w, https:\/\/libravera.com\/wp-content\/uploads\/2023\/03\/ngxe_diag.png 1540w\" sizes=\"(max-width: 800px) 100vw, 800px\" \/>\t\t\t\t\t\t\t\t\t\t\t\t\t\t\t<\/div>\n\t\t\t\t<\/div>\n\t\t\t\t\t<\/div>\n\t\t<\/div>\n\t\t\t\t\t\t\t<\/div>\n\t\t<\/section>\n\t\t\t\t<section class=\"elementor-section elementor-top-section elementor-element elementor-element-3b200ecb elementor-reverse-tablet elementor-reverse-mobile elementor-section-boxed elementor-section-height-default elementor-section-height-default\" data-id=\"3b200ecb\" data-element_type=\"section\" data-settings=\"{&quot;background_background&quot;:&quot;classic&quot;}\">\n\t\t\t\t\t\t<div class=\"elementor-container elementor-column-gap-default\">\n\t\t\t\t\t<div class=\"elementor-column elementor-col-50 elementor-top-column elementor-element elementor-element-69cd9dd4\" data-id=\"69cd9dd4\" data-element_type=\"column\">\n\t\t\t<div class=\"elementor-widget-wrap elementor-element-populated\">\n\t\t\t\t\t\t\t\t<div class=\"elementor-element elementor-element-78da55c2 elementor-widget elementor-widget-image\" data-id=\"78da55c2\" data-element_type=\"widget\" data-widget_type=\"image.default\">\n\t\t\t\t<div class=\"elementor-widget-container\">\n\t\t\t\t\t\t\t\t\t\t\t\t\t\t\t<img loading=\"lazy\" decoding=\"async\" width=\"800\" height=\"534\" src=\"https:\/\/libravera.com\/wp-content\/uploads\/2023\/03\/f8f10aa4-8d73-44c2-9a03-dd9237a5619e.jpg\" class=\"attachment-large size-large wp-image-1761\" alt=\"\" srcset=\"https:\/\/libravera.com\/wp-content\/uploads\/2023\/03\/f8f10aa4-8d73-44c2-9a03-dd9237a5619e.jpg 1024w, https:\/\/libravera.com\/wp-content\/uploads\/2023\/03\/f8f10aa4-8d73-44c2-9a03-dd9237a5619e-300x200.jpg 300w, https:\/\/libravera.com\/wp-content\/uploads\/2023\/03\/f8f10aa4-8d73-44c2-9a03-dd9237a5619e-768x512.jpg 768w, https:\/\/libravera.com\/wp-content\/uploads\/2023\/03\/f8f10aa4-8d73-44c2-9a03-dd9237a5619e-18x12.jpg 18w\" sizes=\"(max-width: 800px) 100vw, 800px\" \/>\t\t\t\t\t\t\t\t\t\t\t\t\t\t\t<\/div>\n\t\t\t\t<\/div>\n\t\t\t\t\t<\/div>\n\t\t<\/div>\n\t\t\t\t<div class=\"elementor-column elementor-col-50 elementor-top-column elementor-element elementor-element-3c07fe8f\" data-id=\"3c07fe8f\" data-element_type=\"column\" data-settings=\"{&quot;background_background&quot;:&quot;classic&quot;}\">\n\t\t\t<div class=\"elementor-widget-wrap elementor-element-populated\">\n\t\t\t\t\t<div class=\"elementor-background-overlay\"><\/div>\n\t\t\t\t\t\t\t\t<div class=\"elementor-element elementor-element-2648ed27 elementor-widget elementor-widget-heading\" data-id=\"2648ed27\" data-element_type=\"widget\" data-widget_type=\"heading.default\">\n\t\t\t\t<div class=\"elementor-widget-container\">\n\t\t\t<h2 class=\"elementor-heading-title elementor-size-default\">Deja atr\u00e1s los anticuados proyectores<\/h2>\t\t<\/div>\n\t\t\t\t<\/div>\n\t\t\t\t<div class=\"elementor-element elementor-element-6e24b316 elementor-widget elementor-widget-heading\" data-id=\"6e24b316\" data-element_type=\"widget\" data-widget_type=\"heading.default\">\n\t\t\t\t<div class=\"elementor-widget-container\">\n\t\t\t<h2 class=\"elementor-heading-title elementor-size-default\">Smart TV t\u00e1ctil<\/h2>\t\t<\/div>\n\t\t\t\t<\/div>\n\t\t\t\t<div class=\"elementor-element elementor-element-380adbbf elementor-widget elementor-widget-text-editor\" data-id=\"380adbbf\" data-element_type=\"widget\" data-widget_type=\"text-editor.default\">\n\t\t\t\t<div class=\"elementor-widget-container\">\n\t\t\t\t\t\t\t<p>Prueba ahora nuestra soluci\u00f3n n\u00famero uno para proyecci\u00f3n de contenidos, una smart TV tactil, ofrece mejor calidad de imagen, mayor tiempo de vida y una gran respuesta ante las pulsaciones de l\u00e1pices o t\u00e1ctiles que se usen.<\/p>\t\t\t\t\t\t<\/div>\n\t\t\t\t<\/div>\n\t\t\t\t\t<\/div>\n\t\t<\/div>\n\t\t\t\t\t\t\t<\/div>\n\t\t<\/section>\n\t\t\t\t\t\t\t<\/div>","protected":false},"excerpt":{"rendered":"<p>Ense\u00f1anza La soluci\u00f3n definitiva para centros educativos NGXe El nuevo NGXe ofrece filtros de contenido, cortafuegos, antivirus, separaci\u00f3n de redes por tecnolog\u00eda de VLANs y todo esto con velocidad de hasta Deja atr\u00e1s los anticuados proyectores Smart TV t\u00e1ctil Prueba ahora nuestra soluci\u00f3n n\u00famero uno para proyecci\u00f3n de contenidos, una smart TV tactil, ofrece mejor [&hellip;]<\/p>","protected":false},"author":1,"featured_media":0,"parent":0,"menu_order":0,"comment_status":"closed","ping_status":"closed","template":"elementor_header_footer","meta":{"footnotes":""},"yoast_head":"<!-- This site is optimized with the Yoast SEO plugin v20.3 - https:\/\/yoast.com\/wordpress\/plugins\/seo\/ -->\n<title>Ense\u00f1anza - Libravera S.L.<\/title>\n<meta name=\"robots\" content=\"index, follow, max-snippet:-1, max-image-preview:large, max-video-preview:-1\" \/>\n<link rel=\"canonical\" href=\"https:\/\/libravera.com\/en\/ensenanza\/\" \/>\n<meta property=\"og:locale\" content=\"en_US\" \/>\n<meta property=\"og:type\" content=\"article\" \/>\n<meta property=\"og:title\" content=\"Ense\u00f1anza - Libravera S.L.\" \/>\n<meta property=\"og:description\" content=\"Ense\u00f1anza La soluci\u00f3n definitiva para centros educativos NGXe El nuevo NGXe ofrece filtros de contenido, cortafuegos, antivirus, separaci\u00f3n de redes por tecnolog\u00eda de VLANs y todo esto con velocidad de hasta Deja atr\u00e1s los anticuados proyectores Smart TV t\u00e1ctil Prueba ahora nuestra soluci\u00f3n n\u00famero uno para proyecci\u00f3n de contenidos, una smart TV tactil, ofrece mejor [&hellip;]\" \/>\n<meta property=\"og:url\" content=\"https:\/\/libravera.com\/en\/ensenanza\/\" \/>\n<meta property=\"og:site_name\" content=\"Libravera S.L.\" \/>\n<meta property=\"article:modified_time\" content=\"2023-03-20T14:41:13+00:00\" \/>\n<meta property=\"og:image\" content=\"http:\/\/libravera.com\/wp-content\/uploads\/2023\/03\/ngxe_diag-1024x547.png\" \/>\n<meta name=\"twitter:card\" content=\"summary_large_image\" \/>\n<script type=\"application\/ld+json\" class=\"yoast-schema-graph\">{\"@context\":\"https:\/\/schema.org\",\"@graph\":[{\"@type\":\"WebPage\",\"@id\":\"https:\/\/libravera.com\/ensenanza\/\",\"url\":\"https:\/\/libravera.com\/ensenanza\/\",\"name\":\"Ense\u00f1anza - Libravera S.L.\",\"isPartOf\":{\"@id\":\"https:\/\/libravera.com\/#website\"},\"datePublished\":\"2023-03-20T14:23:46+00:00\",\"dateModified\":\"2023-03-20T14:41:13+00:00\",\"breadcrumb\":{\"@id\":\"https:\/\/libravera.com\/ensenanza\/#breadcrumb\"},\"inLanguage\":\"en-US\",\"potentialAction\":[{\"@type\":\"ReadAction\",\"target\":[\"https:\/\/libravera.com\/ensenanza\/\"]}]},{\"@type\":\"BreadcrumbList\",\"@id\":\"https:\/\/libravera.com\/ensenanza\/#breadcrumb\",\"itemListElement\":[{\"@type\":\"ListItem\",\"position\":1,\"name\":\"Portada\",\"item\":\"https:\/\/libravera.com\/\"},{\"@type\":\"ListItem\",\"position\":2,\"name\":\"Ense\u00f1anza\"}]},{\"@type\":\"WebSite\",\"@id\":\"https:\/\/libravera.com\/#website\",\"url\":\"https:\/\/libravera.com\/\",\"name\":\"Libravera S.L.\",\"description\":\"Partner tecnol\u00f3gico\",\"publisher\":{\"@id\":\"https:\/\/libravera.com\/#organization\"},\"potentialAction\":[{\"@type\":\"SearchAction\",\"target\":{\"@type\":\"EntryPoint\",\"urlTemplate\":\"https:\/\/libravera.com\/?s={search_term_string}\"},\"query-input\":\"required name=search_term_string\"}],\"inLanguage\":\"en-US\"},{\"@type\":\"Organization\",\"@id\":\"https:\/\/libravera.com\/#organization\",\"name\":\"Libravera S.L.\",\"url\":\"https:\/\/libravera.com\/\",\"logo\":{\"@type\":\"ImageObject\",\"inLanguage\":\"en-US\",\"@id\":\"https:\/\/libravera.com\/#\/schema\/logo\/image\/\",\"url\":\"https:\/\/libravera.com\/wp-content\/uploads\/2023\/03\/cropped-lv3-1.png\",\"contentUrl\":\"https:\/\/libravera.com\/wp-content\/uploads\/2023\/03\/cropped-lv3-1.png\",\"width\":2333,\"height\":533,\"caption\":\"Libravera S.L.\"},\"image\":{\"@id\":\"https:\/\/libravera.com\/#\/schema\/logo\/image\/\"}}]}<\/script>\n<!-- \/ Yoast SEO plugin. -->","yoast_head_json":{"title":"Ense\u00f1anza - Libravera S.L.","robots":{"index":"index","follow":"follow","max-snippet":"max-snippet:-1","max-image-preview":"max-image-preview:large","max-video-preview":"max-video-preview:-1"},"canonical":"https:\/\/libravera.com\/en\/ensenanza\/","og_locale":"en_US","og_type":"article","og_title":"Ense\u00f1anza - Libravera S.L.","og_description":"Ense\u00f1anza La soluci\u00f3n definitiva para centros educativos NGXe El nuevo NGXe ofrece filtros de contenido, cortafuegos, antivirus, separaci\u00f3n de redes por tecnolog\u00eda de VLANs y todo esto con velocidad de hasta Deja atr\u00e1s los anticuados proyectores Smart TV t\u00e1ctil Prueba ahora nuestra soluci\u00f3n n\u00famero uno para proyecci\u00f3n de contenidos, una smart TV tactil, ofrece mejor [&hellip;]","og_url":"https:\/\/libravera.com\/en\/ensenanza\/","og_site_name":"Libravera S.L.","article_modified_time":"2023-03-20T14:41:13+00:00","og_image":[{"url":"http:\/\/libravera.com\/wp-content\/uploads\/2023\/03\/ngxe_diag-1024x547.png"}],"twitter_card":"summary_large_image","schema":{"@context":"https:\/\/schema.org","@graph":[{"@type":"WebPage","@id":"https:\/\/libravera.com\/ensenanza\/","url":"https:\/\/libravera.com\/ensenanza\/","name":"Ense\u00f1anza - Libravera S.L.","isPartOf":{"@id":"https:\/\/libravera.com\/#website"},"datePublished":"2023-03-20T14:23:46+00:00","dateModified":"2023-03-20T14:41:13+00:00","breadcrumb":{"@id":"https:\/\/libravera.com\/ensenanza\/#breadcrumb"},"inLanguage":"en-US","potentialAction":[{"@type":"ReadAction","target":["https:\/\/libravera.com\/ensenanza\/"]}]},{"@type":"BreadcrumbList","@id":"https:\/\/libravera.com\/ensenanza\/#breadcrumb","itemListElement":[{"@type":"ListItem","position":1,"name":"Portada","item":"https:\/\/libravera.com\/"},{"@type":"ListItem","position":2,"name":"Ense\u00f1anza"}]},{"@type":"WebSite","@id":"https:\/\/libravera.com\/#website","url":"https:\/\/libravera.com\/","name":"Libravera S.L.","description":"Partner tecnol\u00f3gico","publisher":{"@id":"https:\/\/libravera.com\/#organization"},"potentialAction":[{"@type":"SearchAction","target":{"@type":"EntryPoint","urlTemplate":"https:\/\/libravera.com\/?s={search_term_string}"},"query-input":"required name=search_term_string"}],"inLanguage":"en-US"},{"@type":"Organization","@id":"https:\/\/libravera.com\/#organization","name":"Libravera S.L.","url":"https:\/\/libravera.com\/","logo":{"@type":"ImageObject","inLanguage":"en-US","@id":"https:\/\/libravera.com\/#\/schema\/logo\/image\/","url":"https:\/\/libravera.com\/wp-content\/uploads\/2023\/03\/cropped-lv3-1.png","contentUrl":"https:\/\/libravera.com\/wp-content\/uploads\/2023\/03\/cropped-lv3-1.png","width":2333,"height":533,"caption":"Libravera S.L."},"image":{"@id":"https:\/\/libravera.com\/#\/schema\/logo\/image\/"}}]}},"_links":{"self":[{"href":"https:\/\/libravera.com\/en\/wp-json\/wp\/v2\/pages\/1753"}],"collection":[{"href":"https:\/\/libravera.com\/en\/wp-json\/wp\/v2\/pages"}],"about":[{"href":"https:\/\/libravera.com\/en\/wp-json\/wp\/v2\/types\/page"}],"author":[{"embeddable":true,"href":"https:\/\/libravera.com\/en\/wp-json\/wp\/v2\/users\/1"}],"replies":[{"embeddable":true,"href":"https:\/\/libravera.com\/en\/wp-json\/wp\/v2\/comments?post=1753"}],"version-history":[{"count":10,"href":"https:\/\/libravera.com\/en\/wp-json\/wp\/v2\/pages\/1753\/revisions"}],"predecessor-version":[{"id":1767,"href":"https:\/\/libravera.com\/en\/wp-json\/wp\/v2\/pages\/1753\/revisions\/1767"}],"wp:attachment":[{"href":"https:\/\/libravera.com\/en\/wp-json\/wp\/v2\/media?parent=1753"}],"curies":[{"name":"wp","href":"https:\/\/api.w.org\/{rel}","templated":true}]}}